{"id":51,"date":"2019-03-06T17:36:20","date_gmt":"2019-03-06T16:36:20","guid":{"rendered":"https:\/\/mgstud.io\/wedding\/?page_id=51"},"modified":"2020-12-10T16:29:54","modified_gmt":"2020-12-10T15:29:54","slug":"strona-glowna","status":"publish","type":"page","link":"https:\/\/mgstud.io\/wedding\/","title":{"rendered":"STRONA G\u0141\u00d3WNA"},"content":{"rendered":"","protected":false},"excerpt":{"rendered":"","protected":false},"author":1,"featured_media":0,"parent":0,"menu_order":0,"comment_status":"closed","ping_status":"closed","template":"","meta":{"_monsterinsights_skip_tracking":false,"_monsterinsights_sitenote_active":false,"_monsterinsights_sitenote_note":"","_monsterinsights_sitenote_category":0,"footnotes":""},"class_list":["post-51","page","type-page","status-publish"],"yoast_head":"<!-- This site is optimized with the Yoast SEO plugin v24.9 - https:\/\/yoast.com\/wordpress\/plugins\/seo\/ -->\n<title>MGwedding<\/title>\n<meta name=\"description\" content=\"Fotografia \u015blubna- naturalne podej\u015bcie do fotografii. Zapisuje w kadrach Wasz najwa\u017cniejszy dzie\u0144!\" \/>\n<meta name=\"robots\" content=\"index, follow, max-snippet:-1, max-image-preview:large, max-video-preview:-1\" \/>\n<link rel=\"canonical\" href=\"https:\/\/mgstud.io\/wedding\/\" \/>\n<meta property=\"og:locale\" content=\"pl_PL\" \/>\n<meta property=\"og:type\" content=\"article\" \/>\n<meta property=\"og:title\" content=\"Fotograf \u015blubny Wroc\u0142aw- MGstud.io\" \/>\n<meta property=\"og:description\" content=\"Fotografia \u015blubna- naturalne podej\u015bcie do fotografii. Zapisuje w kadrach Wasz najwa\u017cniejszy dzie\u0144!\" \/>\n<meta property=\"og:url\" content=\"https:\/\/mgstud.io\/wedding\/\" \/>\n<meta property=\"og:site_name\" content=\"MGwedding\" \/>\n<meta property=\"article:publisher\" content=\"http:\/\/www.facebook.com\/galczynskifotografia\" \/>\n<meta property=\"article:modified_time\" content=\"2020-12-10T15:29:54+00:00\" \/>\n<meta property=\"og:image\" content=\"https:\/\/mgstud.io\/wedding\/wp-content\/uploads\/2019\/04\/Zdunki-slub-w-zorawinie-14.jpg\" \/>\n\t<meta property=\"og:image:width\" content=\"1800\" \/>\n\t<meta property=\"og:image:height\" content=\"1200\" \/>\n\t<meta property=\"og:image:type\" content=\"image\/jpeg\" \/>\n<meta name=\"twitter:card\" content=\"summary_large_image\" \/>\n<script type=\"application\/ld+json\" class=\"yoast-schema-graph\">{\"@context\":\"https:\/\/schema.org\",\"@graph\":[{\"@type\":\"WebPage\",\"@id\":\"https:\/\/mgstud.io\/wedding\/\",\"url\":\"https:\/\/mgstud.io\/wedding\/\",\"name\":\"MGwedding\",\"isPartOf\":{\"@id\":\"https:\/\/mgstud.io\/wedding\/#website\"},\"datePublished\":\"2019-03-06T16:36:20+00:00\",\"dateModified\":\"2020-12-10T15:29:54+00:00\",\"description\":\"Fotografia \u015blubna- naturalne podej\u015bcie do fotografii. Zapisuje w kadrach Wasz najwa\u017cniejszy dzie\u0144!\",\"breadcrumb\":{\"@id\":\"https:\/\/mgstud.io\/wedding\/#breadcrumb\"},\"inLanguage\":\"pl-PL\",\"potentialAction\":[{\"@type\":\"ReadAction\",\"target\":[\"https:\/\/mgstud.io\/wedding\/\"]}]},{\"@type\":\"BreadcrumbList\",\"@id\":\"https:\/\/mgstud.io\/wedding\/#breadcrumb\",\"itemListElement\":[{\"@type\":\"ListItem\",\"position\":1,\"name\":\"Strona g\u0142\u00f3wna\",\"item\":\"https:\/\/mgstud.io\/wedding\/\"},{\"@type\":\"ListItem\",\"position\":2,\"name\":\"STRONA G\u0141\u00d3WNA\"}]},{\"@type\":\"WebSite\",\"@id\":\"https:\/\/mgstud.io\/wedding\/#website\",\"url\":\"https:\/\/mgstud.io\/wedding\/\",\"name\":\"MGwedding\",\"description\":\"Wedding &amp; Love photography- Naturalna fotografia \u015blubna Wroc\u0142aw\",\"publisher\":{\"@id\":\"https:\/\/mgstud.io\/wedding\/#organization\"},\"potentialAction\":[{\"@type\":\"SearchAction\",\"target\":{\"@type\":\"EntryPoint\",\"urlTemplate\":\"https:\/\/mgstud.io\/wedding\/?s={search_term_string}\"},\"query-input\":{\"@type\":\"PropertyValueSpecification\",\"valueRequired\":true,\"valueName\":\"search_term_string\"}}],\"inLanguage\":\"pl-PL\"},{\"@type\":\"Organization\",\"@id\":\"https:\/\/mgstud.io\/wedding\/#organization\",\"name\":\"MGstudio\",\"url\":\"https:\/\/mgstud.io\/wedding\/\",\"logo\":{\"@type\":\"ImageObject\",\"inLanguage\":\"pl-PL\",\"@id\":\"https:\/\/mgstud.io\/wedding\/#\/schema\/logo\/image\/\",\"url\":\"https:\/\/mgstud.io\/wedding\/wp-content\/uploads\/2019\/03\/logo-MG.png\",\"contentUrl\":\"https:\/\/mgstud.io\/wedding\/wp-content\/uploads\/2019\/03\/logo-MG.png\",\"width\":160,\"height\":160,\"caption\":\"MGstudio\"},\"image\":{\"@id\":\"https:\/\/mgstud.io\/wedding\/#\/schema\/logo\/image\/\"},\"sameAs\":[\"http:\/\/www.facebook.com\/galczynskifotografia\",\"http:\/\/www.istagr.am\/mgweddingphoto\"]}]}<\/script>\n<!-- \/ Yoast SEO plugin. -->","yoast_head_json":{"title":"MGwedding","description":"Fotografia \u015blubna- naturalne podej\u015bcie do fotografii. Zapisuje w kadrach Wasz najwa\u017cniejszy dzie\u0144!","robots":{"index":"index","follow":"follow","max-snippet":"max-snippet:-1","max-image-preview":"max-image-preview:large","max-video-preview":"max-video-preview:-1"},"canonical":"https:\/\/mgstud.io\/wedding\/","og_locale":"pl_PL","og_type":"article","og_title":"Fotograf \u015blubny Wroc\u0142aw- MGstud.io","og_description":"Fotografia \u015blubna- naturalne podej\u015bcie do fotografii. Zapisuje w kadrach Wasz najwa\u017cniejszy dzie\u0144!","og_url":"https:\/\/mgstud.io\/wedding\/","og_site_name":"MGwedding","article_publisher":"http:\/\/www.facebook.com\/galczynskifotografia","article_modified_time":"2020-12-10T15:29:54+00:00","og_image":[{"width":1800,"height":1200,"url":"https:\/\/mgstud.io\/wedding\/wp-content\/uploads\/2019\/04\/Zdunki-slub-w-zorawinie-14.jpg","type":"image\/jpeg"}],"twitter_card":"summary_large_image","schema":{"@context":"https:\/\/schema.org","@graph":[{"@type":"WebPage","@id":"https:\/\/mgstud.io\/wedding\/","url":"https:\/\/mgstud.io\/wedding\/","name":"MGwedding","isPartOf":{"@id":"https:\/\/mgstud.io\/wedding\/#website"},"datePublished":"2019-03-06T16:36:20+00:00","dateModified":"2020-12-10T15:29:54+00:00","description":"Fotografia \u015blubna- naturalne podej\u015bcie do fotografii. Zapisuje w kadrach Wasz najwa\u017cniejszy dzie\u0144!","breadcrumb":{"@id":"https:\/\/mgstud.io\/wedding\/#breadcrumb"},"inLanguage":"pl-PL","potentialAction":[{"@type":"ReadAction","target":["https:\/\/mgstud.io\/wedding\/"]}]},{"@type":"BreadcrumbList","@id":"https:\/\/mgstud.io\/wedding\/#breadcrumb","itemListElement":[{"@type":"ListItem","position":1,"name":"Strona g\u0142\u00f3wna","item":"https:\/\/mgstud.io\/wedding\/"},{"@type":"ListItem","position":2,"name":"STRONA G\u0141\u00d3WNA"}]},{"@type":"WebSite","@id":"https:\/\/mgstud.io\/wedding\/#website","url":"https:\/\/mgstud.io\/wedding\/","name":"MGwedding","description":"Wedding &amp; Love photography- Naturalna fotografia \u015blubna Wroc\u0142aw","publisher":{"@id":"https:\/\/mgstud.io\/wedding\/#organization"},"potentialAction":[{"@type":"SearchAction","target":{"@type":"EntryPoint","urlTemplate":"https:\/\/mgstud.io\/wedding\/?s={search_term_string}"},"query-input":{"@type":"PropertyValueSpecification","valueRequired":true,"valueName":"search_term_string"}}],"inLanguage":"pl-PL"},{"@type":"Organization","@id":"https:\/\/mgstud.io\/wedding\/#organization","name":"MGstudio","url":"https:\/\/mgstud.io\/wedding\/","logo":{"@type":"ImageObject","inLanguage":"pl-PL","@id":"https:\/\/mgstud.io\/wedding\/#\/schema\/logo\/image\/","url":"https:\/\/mgstud.io\/wedding\/wp-content\/uploads\/2019\/03\/logo-MG.png","contentUrl":"https:\/\/mgstud.io\/wedding\/wp-content\/uploads\/2019\/03\/logo-MG.png","width":160,"height":160,"caption":"MGstudio"},"image":{"@id":"https:\/\/mgstud.io\/wedding\/#\/schema\/logo\/image\/"},"sameAs":["http:\/\/www.facebook.com\/galczynskifotografia","http:\/\/www.istagr.am\/mgweddingphoto"]}]}},"_links":{"self":[{"href":"https:\/\/mgstud.io\/wedding\/wp-json\/wp\/v2\/pages\/51","targetHints":{"allow":["GET"]}}],"collection":[{"href":"https:\/\/mgstud.io\/wedding\/wp-json\/wp\/v2\/pages"}],"about":[{"href":"https:\/\/mgstud.io\/wedding\/wp-json\/wp\/v2\/types\/page"}],"author":[{"embeddable":true,"href":"https:\/\/mgstud.io\/wedding\/wp-json\/wp\/v2\/users\/1"}],"replies":[{"embeddable":true,"href":"https:\/\/mgstud.io\/wedding\/wp-json\/wp\/v2\/comments?post=51"}],"version-history":[{"count":48,"href":"https:\/\/mgstud.io\/wedding\/wp-json\/wp\/v2\/pages\/51\/revisions"}],"predecessor-version":[{"id":1085,"href":"https:\/\/mgstud.io\/wedding\/wp-json\/wp\/v2\/pages\/51\/revisions\/1085"}],"wp:attachment":[{"href":"https:\/\/mgstud.io\/wedding\/wp-json\/wp\/v2\/media?parent=51"}],"curies":[{"name":"wp","href":"https:\/\/api.w.org\/{rel}","templated":true}]}}